{"id":3,"date":"2026-02-05T17:08:19","date_gmt":"2026-02-05T14:08:19","guid":{"rendered":"https:\/\/epbilisim.com.tr\/tr\/?page_id=3"},"modified":"2026-04-07T18:14:38","modified_gmt":"2026-04-07T15:14:38","slug":"cerez-politikasi","status":"publish","type":"page","link":"https:\/\/epbilisim.com.tr\/tr\/cerez-politikasi\/","title":{"rendered":"\u00c7erez Politikas\u0131"},"content":{"rendered":"<div class=\"fusion-fullwidth fullwidth-box fusion-builder-row-1 fusion-flex-container has-pattern-background has-mask-background nonhundred-percent-fullwidth non-hundred-percent-height-scrolling\" style=\"--awb-border-radius-top-left:0px;--awb-border-radius-top-right:0px;--awb-border-radius-bottom-right:0px;--awb-border-radius-bottom-left:0px;--awb-flex-wrap:wrap;\" ><div class=\"fusion-builder-row fusion-row fusion-flex-align-items-flex-start fusion-flex-content-wrap\" style=\"max-width:1310.4px;margin-left: calc(-4% \/ 2 );margin-right: calc(-4% \/ 2 );\"><div class=\"fusion-layout-column fusion_builder_column fusion-builder-column-0 fusion_builder_column_1_6 1_6 fusion-flex-column\" style=\"--awb-bg-size:cover;--awb-width-large:16.666666666667%;--awb-margin-top-large:0px;--awb-spacing-right-large:11.52%;--awb-margin-bottom-large:20px;--awb-spacing-left-large:11.52%;--awb-width-medium:16.666666666667%;--awb-order-medium:0;--awb-spacing-right-medium:11.52%;--awb-spacing-left-medium:11.52%;--awb-width-small:100%;--awb-order-small:0;--awb-spacing-right-small:1.92%;--awb-spacing-left-small:1.92%;\"><div class=\"fusion-column-wrapper fusion-column-has-shadow fusion-flex-justify-content-flex-start fusion-content-layout-column\"><\/div><\/div><div class=\"fusion-layout-column fusion_builder_column fusion-builder-column-1 fusion_builder_column_2_3 2_3 fusion-flex-column\" style=\"--awb-bg-size:cover;--awb-width-large:66.666666666667%;--awb-margin-top-large:0px;--awb-spacing-right-large:2.88%;--awb-margin-bottom-large:20px;--awb-spacing-left-large:2.88%;--awb-width-medium:66.666666666667%;--awb-order-medium:0;--awb-spacing-right-medium:2.88%;--awb-spacing-left-medium:2.88%;--awb-width-small:100%;--awb-order-small:0;--awb-spacing-right-small:1.92%;--awb-spacing-left-small:1.92%;\"><div class=\"fusion-column-wrapper fusion-column-has-shadow fusion-flex-justify-content-flex-start fusion-content-layout-column\"><div class=\"fusion-text fusion-text-1\"><h3>\u00c7erez Nedir?<\/h3>\n<p>Ziyaret etti\u011finiz web siteleri, bilgisayar\u0131n\u0131za veya telefonunuza k\u00fc\u00e7\u00fck bilgiler kaydedip, daha sonra ayn\u0131 siteyi ziyaret etti\u011finizde bu bilgileri okuyabilirler. Bu k\u00fc\u00e7\u00fck bilgilerin kaydedildi\u011fi dosyalara \u00e7erez veya tan\u0131mlama bilgisi denir. \u00c7erezler genellikle internette gezinti deneyiminizi iyile\u015ftirmeye ve siteleri ki\u015fiselle\u015ftirmeye yarar. \u00d6rne\u011fin bir siteye giri\u015f yaparken \u201cbeni hat\u0131rla\u201d se\u00e7ene\u011fini i\u015faretlerseniz o site, kullan\u0131c\u0131 ad\u0131n\u0131z\u0131 (veya \u00f6zel bir kimlik numaras\u0131n\u0131) i\u00e7eren bir \u00e7erezi taray\u0131c\u0131n\u0131za kaydeder. \u00c7erezleri yaln\u0131zca onlar\u0131 olu\u015fturan site okuyabilir. \u00c7erezin ne kadar s\u00fcreyle saklanaca\u011f\u0131n\u0131 da site belirler.<\/p>\n<h3>\u00c7erez Kullan\u0131m\u0131<\/h3>\n<p><strong>\u00c7EREZ (\u201cCOOKIE\u201d)<\/strong><\/p>\n<p>\u0130nternet sitemizden (<span class=\"CerezP-Kirmizi-Metin\">www.epbilisim.com.tr<\/span>) en verimli \u015fekilde faydalanabilmeniz ve kullan\u0131c\u0131 deneyiminizi geli\u015ftirebilmek i\u00e7in Cookie kullan\u0131yoruz. Web sitemize giri\u015f yapt\u0131\u011f\u0131n\u0131z zaman, sizlere, Cookie kullan\u0131m\u0131 kabul edip etmedi\u011finize dair bir soru sorulmaktad\u0131r. &#8216;Kabul Et&#8217; se\u00e7ene\u011fini se\u00e7tikten sonra Cookie&#8217;ler aktif olacakt\u0131r. Sonradan fikrinizi de\u011fi\u015ftirirseniz ve Cookie kullan\u0131lmas\u0131n\u0131 tercih etmezseniz taray\u0131c\u0131n\u0131z\u0131n ayarlar\u0131ndan Cookie\u2019leri her zaman silebilir ya da engelleyebilirsiniz. Ancak bunun internet sitemizi kullan\u0131m\u0131n\u0131z\u0131 etkileyebilece\u011fini hat\u0131rlatmak isteriz. Taray\u0131c\u0131n\u0131zdan Cookie ayarlar\u0131n\u0131z\u0131 de\u011fi\u015ftirmedi\u011finiz s\u00fcrece bu sitede Cookie&#8217;ler kullan\u0131lmaya devam edecektir. Cookie&#8217;lerin hangi ama\u00e7la kullan\u0131ld\u0131\u011f\u0131 ve ne kadar s\u00fcre depoland\u0131\u011f\u0131 a\u015fa\u011f\u0131da belirtilmektedir. Sitemizde yer alan servislerin kullan\u0131m\u0131 i\u00e7in bizimle do\u011frudan veya dolayl\u0131 olarak baz\u0131 bilgi ve veriler payla\u015fmaktas\u0131n\u0131z. Bu bilgiler siteye kay\u0131t olurken verdi\u011finiz ki\u015fisel bilgiler (isim, e-posta adresi, telefon gibi) veya siteyi kullan\u0131m\u0131n\u0131z (ileti\u015fim formunu kullan\u0131rken, yorum yaparken vb.) esnas\u0131nda toplad\u0131\u011f\u0131m\u0131z bilgilerdir (IP, cihaz, konum ve taray\u0131c\u0131 bilgileri, gezinti ve etkile\u015fim i\u00e7eri\u011fi, tarih ve ba\u011flant\u0131 s\u00fcresi gibi veriler). Bilgi ve verilerinizi saklama konusunda azami \u00f6zeni g\u00f6stermekteyiz. Web sitemiz, sunucumuzda depolanan Cookie verilerinizi 3. parti ki\u015filer ile payla\u015f\u0131lmamaktad\u0131r. Sitede bulunan harici hizmetler (Canl\u0131 Destek eklentisi, Facebook eklentisi, YouTube videosu, Twitter i\u00e7eri\u011fi vb.) taraf\u0131ndan depolanan Cookie verileriniz ise harici hizmetlerin sorumlulu\u011fundad\u0131r. Bunun i\u00e7in; &#8221;<a title=\"Gizlilik Politikas\u0131\" href=\"https:\/\/epbilisim.com.tr\/tr\/gizlilik-politikasi\/\">Gizlilik Politikas\u0131<\/a>&#8216; sayfalar\u0131m\u0131za g\u00f6z at\u0131n\u0131z. (<span class=\"CerezP-Kirmizi-Metin\">Kendinize g\u00f6re d\u00fczenleyiniz<\/span>)<\/p>\n<h4>\u00c7erezlerin Kullan\u0131m Ama\u00e7lar\u0131<\/h4>\n<p><span class=\"CerezP-Kirmizi-Metin\">www.epbilisim.com.tr<\/span>\u00a0taraf\u0131ndan kullan\u0131lmakta olan \u00e7erezlere ait kullan\u0131m ama\u00e7lar\u0131 a\u015fa\u011f\u0131daki gibidir:<\/p>\n<ul>\n<li><strong>G\u00fcvenlik ama\u00e7l\u0131 kullan\u0131mlar:<\/strong>\u00a0 epbilisim.com.tr, sistemlerinin idaresi ve g\u00fcvenli\u011finin sa\u011flanmas\u0131 amac\u0131yla, bu sitedeki fonksiyonlardan yararlanmay\u0131 sa\u011flayan veyahut d\u00fczensiz davran\u0131\u015flar\u0131 tespit eden \u00e7erezler kullanabilmektedir.<\/li>\n<li><strong>\u0130\u015flevselli\u011fe y\u00f6nelik kullan\u0131mlar:<\/strong>\u00a0 epbilisi.com.tr, sistemlerinin kullan\u0131m\u0131n\u0131 kolayla\u015ft\u0131rmak ve kullan\u0131c\u0131 \u00f6zelinde kullan\u0131m \u00f6zellikleri sa\u011flamak amac\u0131yla, kullan\u0131c\u0131lar\u0131n bilgilerini ve ge\u00e7mi\u015f se\u00e7imlerini hat\u0131rlatan \u00e7erezler kullanabilmektedir.<\/li>\n<li><strong>Performansa y\u00f6nelik kullan\u0131mlar:<\/strong>\u00a0 epbilisim.com.tr, sistemlerinin performans\u0131n\u0131n art\u0131r\u0131lmas\u0131 ve \u00f6l\u00e7\u00fclmesi amac\u0131yla, g\u00f6nderilen iletilerle olan etkile\u015fimi ve kullan\u0131c\u0131 davran\u0131\u015flar\u0131n\u0131 de\u011ferlendiren ve analiz eden \u00e7erezler kullanabilmektedir.<\/li>\n<li><strong>Reklam ama\u00e7l\u0131 kullan\u0131mlar:<\/strong>\u00a0 epbilisim.com.tr, kendine veya \u00fc\u00e7\u00fcnc\u00fc taraflara ait sistemlerin \u00fczerinden kullan\u0131c\u0131lar\u0131n ilgi alanlar\u0131 kapsam\u0131nda reklam ve benzeri i\u00e7eriklerin iletilmesi amac\u0131yla, bu reklamlar\u0131n etkinli\u011fini \u00f6l\u00e7en veya t\u0131klanma durumunu analiz eden \u00e7erezler kullanabilmektedir.<\/li>\n<\/ul>\n<p>Web sitesine y\u00f6nelik \u015f\u00fcpheli eylemlerin tespiti ve gerekli g\u00fcvenli\u011fin sa\u011flanmas\u0131, ziyaret\u00e7ilerin tercihleri do\u011frultusunda web sitesinin i\u015flevsellik ve performans\u0131n art\u0131r\u0131lmas\u0131, web sitesinde sunulan hizmetlerin ve \u00fcr\u00fcnlerin geli\u015ftirilmesi ve ki\u015fiselle\u015ftirilmesiyle, bu hizmetlere ve \u00fcr\u00fcnlere ula\u015f\u0131m\u0131n kolayla\u015ft\u0131r\u0131lmas\u0131, web sitesinin hukuki sorumluluklar\u0131n\u0131n yerine getirilmesi ama\u00e7l\u0131 \u00e7erezler kullanmaktad\u0131r. Ayr\u0131ca, web sitesi ziyaret\u00e7ilerini daha geni\u015f kapsaml\u0131 hizmet sa\u011flay\u0131c\u0131lar ile bulu\u015fturulabilmesi amac\u0131yla reklam \u00e7erezleri ve \u00fc\u00e7\u00fcnc\u00fc taraflarla bilgi payla\u015f\u0131m\u0131 da s\u00f6z konusudur.<\/p>\n<h4>\u00c7erezleri Kontrol Etme ve Silme<\/h4>\n<p>\u00c7erezlerin kullan\u0131m\u0131na ili\u015fkin tercihlerinizi de\u011fi\u015ftirmek ya da \u00e7erezleri engellemek veya silmek i\u00e7in taray\u0131c\u0131n\u0131z\u0131n ayarlar\u0131n\u0131 de\u011fi\u015ftirmeniz yeterlidir. Bir\u00e7ok taray\u0131c\u0131 \u00e7erezleri kontrol edebilmeniz i\u00e7in size \u00e7erezleri kabul etme veya reddetme, yaln\u0131zca belirli t\u00fcrdeki \u00e7erezleri kabul etme ya da bir web sitesi cihaz\u0131n\u0131za \u00e7erez depolamay\u0131 talep etti\u011finde taray\u0131c\u0131 taraf\u0131ndan uyar\u0131lma se\u00e7ene\u011fi sunar. Ayn\u0131 zamanda daha \u00f6nce taray\u0131c\u0131n\u0131za kaydedilmi\u015f \u00e7erezlerin silinmesi de m\u00fcmk\u00fcnd\u00fcr. \u00c7erezleri kontrol edilmesine veya silinmesine ili\u015fkin i\u015flemler kulland\u0131\u011f\u0131n\u0131z taray\u0131c\u0131ya g\u00f6re de\u011fi\u015febilmektedir.<\/p>\n<p>\u00c7erez kullan\u0131m se\u00e7iminin de\u011fi\u015ftirilmesine ait y\u00f6ntem, taray\u0131c\u0131 tipine ba\u011fl\u0131 olarak de\u011fi\u015fmekte olup, ilgili hizmet sa\u011flay\u0131c\u0131dan dilendi\u011fi zaman \u00f6\u011frenilebilmektedir.<\/p>\n<p>T\u00fcm bu a\u00e7\u0131klamalardan ve size sunulan bilgiler \u0131\u015f\u0131\u011f\u0131nda, web sitesinde hangi \u00e7erezlerin kullan\u0131laca\u011f\u0131 konusu, zorunlu \u00e7erezler hari\u00e7, tamamen web sitesi ziyaret\u00e7ilerinin \u00f6zg\u00fcr iradelerine b\u0131rak\u0131lm\u0131\u015ft\u0131r. \u00c7erez tercihlerinizi, taray\u0131c\u0131n\u0131z\u0131n ayarlar\u0131ndan silerek ya da engelleyerek, web sitesine giri\u015f yapt\u0131\u011f\u0131n\u0131z anda y\u00f6netebilir veya istedi\u011finiz zaman bu ayarlar\u0131 de\u011fi\u015ftirebilirsiniz.<\/p>\n<\/div><\/div><\/div><div class=\"fusion-layout-column fusion_builder_column fusion-builder-column-2 fusion_builder_column_1_6 1_6 fusion-flex-column\" style=\"--awb-bg-size:cover;--awb-width-large:16.666666666667%;--awb-margin-top-large:0px;--awb-spacing-right-large:11.52%;--awb-margin-bottom-large:20px;--awb-spacing-left-large:11.52%;--awb-width-medium:16.666666666667%;--awb-order-medium:0;--awb-spacing-right-medium:11.52%;--awb-spacing-left-medium:11.52%;--awb-width-small:100%;--awb-order-small:0;--awb-spacing-right-small:1.92%;--awb-spacing-left-small:1.92%;\"><div class=\"fusion-column-wrapper fusion-column-has-shadow fusion-flex-justify-content-flex-start fusion-content-layout-column\"><\/div><\/div><\/div><\/div>\n","protected":false},"excerpt":{"rendered":"","protected":false},"author":1,"featured_media":0,"parent":0,"menu_order":0,"comment_status":"closed","ping_status":"open","template":"","meta":{"footnotes":""},"class_list":["post-3","page","type-page","status-publish","hentry"],"_links":{"self":[{"href":"https:\/\/epbilisim.com.tr\/tr\/wp-json\/wp\/v2\/pages\/3","targetHints":{"allow":["GET"]}}],"collection":[{"href":"https:\/\/epbilisim.com.tr\/tr\/wp-json\/wp\/v2\/pages"}],"about":[{"href":"https:\/\/epbilisim.com.tr\/tr\/wp-json\/wp\/v2\/types\/page"}],"author":[{"embeddable":true,"href":"https:\/\/epbilisim.com.tr\/tr\/wp-json\/wp\/v2\/users\/1"}],"replies":[{"embeddable":true,"href":"https:\/\/epbilisim.com.tr\/tr\/wp-json\/wp\/v2\/comments?post=3"}],"version-history":[{"count":4,"href":"https:\/\/epbilisim.com.tr\/tr\/wp-json\/wp\/v2\/pages\/3\/revisions"}],"predecessor-version":[{"id":2421,"href":"https:\/\/epbilisim.com.tr\/tr\/wp-json\/wp\/v2\/pages\/3\/revisions\/2421"}],"wp:attachment":[{"href":"https:\/\/epbilisim.com.tr\/tr\/wp-json\/wp\/v2\/media?parent=3"}],"curies":[{"name":"wp","href":"https:\/\/api.w.org\/{rel}","templated":true}]}}