{"id":25,"date":"2021-04-09T18:58:45","date_gmt":"2021-04-09T18:58:45","guid":{"rendered":"https:\/\/avadawebsites.wpengine.com\/digital-agency\/?page_id=25"},"modified":"2026-02-13T14:59:51","modified_gmt":"2026-02-13T11:59:51","slug":"projects","status":"publish","type":"page","link":"https:\/\/epbilisim.com.tr\/tr\/projects\/","title":{"rendered":"Projeler"},"content":{"rendered":"<p><div class=\"fusion-fullwidth fullwidth-box fusion-builder-row-1 fusion-flex-container nonhundred-percent-fullwidth non-hundred-percent-height-scrolling\" style=\"--awb-border-radius-top-left:0px;--awb-border-radius-top-right:0px;--awb-border-radius-bottom-right:0px;--awb-border-radius-bottom-left:0px;--awb-padding-top:1.5vw;--awb-padding-right:5vw;--awb-padding-bottom:1.5vw;--awb-padding-left:5vw;--awb-padding-top-medium:0px;--awb-padding-bottom-medium:0px;--awb-margin-bottom:80px;--awb-margin-bottom-medium:60px;--awb-margin-bottom-small:48px;--awb-flex-wrap:wrap;\" ><div class=\"fusion-builder-row fusion-row fusion-flex-align-items-flex-end fusion-flex-content-wrap\" style=\"max-width:1310.4px;margin-left: calc(-4% \/ 2 );margin-right: calc(-4% \/ 2 );\"><div class=\"fusion-layout-column fusion_builder_column fusion-builder-column-0 fusion-flex-column fusion-animated\" style=\"--awb-bg-size:cover;--awb-width-large:62%;--awb-margin-top-large:0px;--awb-spacing-right-large:3.0967741935484%;--awb-margin-bottom-large:0px;--awb-spacing-left-large:3.0967741935484%;--awb-width-medium:50%;--awb-order-medium:0;--awb-spacing-right-medium:3.84%;--awb-spacing-left-medium:3.84%;--awb-width-small:100%;--awb-order-small:0;--awb-spacing-right-small:1.92%;--awb-margin-bottom-small:20px;--awb-spacing-left-small:1.92%;\" data-animationType=\"fadeInDown\" data-animationDuration=\"1.3\" data-animationOffset=\"top-into-view\"><div class=\"fusion-column-wrapper fusion-column-has-shadow fusion-flex-justify-content-center fusion-content-layout-column\"><div class=\"fusion-title title fusion-title-1 fusion-no-small-visibility fusion-no-medium-visibility fusion-sep-none fusion-title-text fusion-title-size-one\" style=\"--awb-margin-top-small:10px;--awb-margin-right-small:0px;--awb-margin-bottom-small:10px;--awb-margin-left-small:0px;\"><h1 class=\"fusion-title-heading title-heading-left\" style=\"margin:0;\">\u00d6rnek Projeler &amp; Deneyimler<\/h1><\/div><div class=\"fusion-title title fusion-title-2 fusion-no-large-visibility fusion-sep-none fusion-title-text fusion-title-size-one\" style=\"--awb-margin-top-small:10px;--awb-margin-right-small:0px;--awb-margin-bottom-small:10px;--awb-margin-left-small:0px;--awb-font-size:50px;\"><h1 class=\"fusion-title-heading title-heading-left\" style=\"margin:0;font-size:1em;\">\u00d6rnek Projeler &amp; Deneyimler<\/h1><\/div><\/div><\/div><div class=\"fusion-layout-column fusion_builder_column fusion-builder-column-1 fusion-flex-column fusion-animated\" style=\"--awb-bg-size:cover;--awb-width-large:38%;--awb-margin-top-large:0px;--awb-spacing-right-large:5.0526315789474%;--awb-margin-bottom-large:0px;--awb-spacing-left-large:5.0526315789474%;--awb-width-medium:50%;--awb-order-medium:0;--awb-spacing-right-medium:3.84%;--awb-spacing-left-medium:3.84%;--awb-width-small:100%;--awb-order-small:0;--awb-spacing-right-small:1.92%;--awb-spacing-left-small:1.92%;\" data-animationType=\"fadeInDown\" data-animationDuration=\"1.3\" data-animationOffset=\"top-into-view\"><div class=\"fusion-column-wrapper fusion-column-has-shadow fusion-flex-justify-content-center fusion-content-layout-column\"><div class=\"fusion-text fusion-text-1\" style=\"--awb-font-size:20px;\"><p>Farkl\u0131 sekt\u00f6rlerden i\u015fletmeler i\u00e7in, sade, \u00e7al\u0131\u015f\u0131r ve s\u00fcrd\u00fcr\u00fclebilir dijital projeler hayata ge\u00e7irdik.<\/p>\n<\/div><\/div><\/div><\/div><\/div><div class=\"fusion-fullwidth fullwidth-box fusion-builder-row-2 fusion-flex-container has-pattern-background has-mask-background nonhundred-percent-fullwidth non-hundred-percent-height-scrolling\" style=\"--awb-border-radius-top-left:0px;--awb-border-radius-top-right:0px;--awb-border-radius-bottom-right:0px;--awb-border-radius-bottom-left:0px;--awb-flex-wrap:wrap;\" ><div class=\"fusion-builder-row fusion-row fusion-flex-align-items-flex-start fusion-flex-content-wrap\" style=\"max-width:1310.4px;margin-left: calc(-4% \/ 2 );margin-right: calc(-4% \/ 2 );\"><div class=\"fusion-layout-column fusion_builder_column fusion-builder-column-2 fusion_builder_column_1_2 1_2 fusion-flex-column\" style=\"--awb-bg-size:cover;--awb-width-large:50%;--awb-margin-top-large:0px;--awb-spacing-right-large:3.84%;--awb-margin-bottom-large:20px;--awb-spacing-left-large:3.84%;--awb-width-medium:50%;--awb-order-medium:0;--awb-spacing-right-medium:3.84%;--awb-spacing-left-medium:3.84%;--awb-width-small:100%;--awb-order-small:0;--awb-spacing-right-small:1.92%;--awb-spacing-left-small:1.92%;\"><div class=\"fusion-column-wrapper fusion-column-has-shadow fusion-flex-justify-content-flex-start fusion-content-layout-column\"><div class=\"fusion-image-element \" style=\"--awb-caption-title-font-family:var(--h2_typography-font-family);--awb-caption-title-font-weight:var(--h2_typography-font-weight);--awb-caption-title-font-style:var(--h2_typography-font-style);--awb-caption-title-size:var(--h2_typography-font-size);--awb-caption-title-transform:var(--h2_typography-text-transform);--awb-caption-title-line-height:var(--h2_typography-line-height);--awb-caption-title-letter-spacing:var(--h2_typography-letter-spacing);\"><span class=\" fusion-imageframe imageframe-none imageframe-1 hover-type-none\"><img decoding=\"async\" width=\"1080\" height=\"951\" title=\"hanbazari-com-19\" src=\"https:\/\/epbilisim.com.tr\/tr\/wp-content\/uploads\/2021\/07\/hanbazari-com-19.jpg\" data-orig-src=\"https:\/\/epbilisim.com.tr\/tr\/wp-content\/uploads\/2021\/07\/hanbazari-com-19.jpg\" alt class=\"lazyload img-responsive wp-image-2324\" srcset=\"data:image\/svg+xml,%3Csvg%20xmlns%3D%27http%3A%2F%2Fwww.w3.org%2F2000%2Fsvg%27%20width%3D%271080%27%20height%3D%27951%27%20viewBox%3D%270%200%201080%20951%27%3E%3Crect%20width%3D%271080%27%20height%3D%27951%27%20fill-opacity%3D%220%22%2F%3E%3C%2Fsvg%3E\" data-srcset=\"https:\/\/epbilisim.com.tr\/tr\/wp-content\/uploads\/2021\/07\/hanbazari-com-19-200x176.jpg 200w, https:\/\/epbilisim.com.tr\/tr\/wp-content\/uploads\/2021\/07\/hanbazari-com-19-400x352.jpg 400w, https:\/\/epbilisim.com.tr\/tr\/wp-content\/uploads\/2021\/07\/hanbazari-com-19-600x528.jpg 600w, https:\/\/epbilisim.com.tr\/tr\/wp-content\/uploads\/2021\/07\/hanbazari-com-19-800x704.jpg 800w, https:\/\/epbilisim.com.tr\/tr\/wp-content\/uploads\/2021\/07\/hanbazari-com-19.jpg 1080w\" data-sizes=\"auto\" data-orig-sizes=\"(max-width: 640px) 100vw, 600px\" \/><\/span><\/div><div class=\"fusion-text fusion-text-2\" style=\"--awb-content-alignment:center;--awb-margin-top:10px;\"><p><strong>HAN BAZAR\u0130<\/strong><\/p>\n<p>Marka Olu\u015fumu<br \/>\nE-ticaret<br \/>\n\u00d6deme Sistemleri<br \/>\nEntegrasyon<\/p>\n<\/div><\/div><\/div><div class=\"fusion-layout-column fusion_builder_column fusion-builder-column-3 fusion_builder_column_1_2 1_2 fusion-flex-column\" style=\"--awb-bg-size:cover;--awb-width-large:50%;--awb-margin-top-large:0px;--awb-spacing-right-large:3.84%;--awb-margin-bottom-large:20px;--awb-spacing-left-large:3.84%;--awb-width-medium:50%;--awb-order-medium:0;--awb-spacing-right-medium:3.84%;--awb-spacing-left-medium:3.84%;--awb-width-small:100%;--awb-order-small:0;--awb-spacing-right-small:1.92%;--awb-spacing-left-small:1.92%;\"><div class=\"fusion-column-wrapper fusion-column-has-shadow fusion-flex-justify-content-flex-start fusion-content-layout-column\"><div class=\"fusion-image-element \" style=\"--awb-caption-title-font-family:var(--h2_typography-font-family);--awb-caption-title-font-weight:var(--h2_typography-font-weight);--awb-caption-title-font-style:var(--h2_typography-font-style);--awb-caption-title-size:var(--h2_typography-font-size);--awb-caption-title-transform:var(--h2_typography-text-transform);--awb-caption-title-line-height:var(--h2_typography-line-height);--awb-caption-title-letter-spacing:var(--h2_typography-letter-spacing);\"><span class=\" fusion-imageframe imageframe-none imageframe-2 hover-type-none\"><img decoding=\"async\" width=\"1080\" height=\"951\" title=\"portfolio-18-1\" src=\"https:\/\/epbilisim.com.tr\/tr\/wp-content\/uploads\/2026\/02\/portfolio-18-1.jpg\" data-orig-src=\"https:\/\/epbilisim.com.tr\/tr\/wp-content\/uploads\/2026\/02\/portfolio-18-1.jpg\" alt class=\"lazyload img-responsive wp-image-2325\" srcset=\"data:image\/svg+xml,%3Csvg%20xmlns%3D%27http%3A%2F%2Fwww.w3.org%2F2000%2Fsvg%27%20width%3D%271080%27%20height%3D%27951%27%20viewBox%3D%270%200%201080%20951%27%3E%3Crect%20width%3D%271080%27%20height%3D%27951%27%20fill-opacity%3D%220%22%2F%3E%3C%2Fsvg%3E\" data-srcset=\"https:\/\/epbilisim.com.tr\/tr\/wp-content\/uploads\/2026\/02\/portfolio-18-1-200x176.jpg 200w, https:\/\/epbilisim.com.tr\/tr\/wp-content\/uploads\/2026\/02\/portfolio-18-1-400x352.jpg 400w, https:\/\/epbilisim.com.tr\/tr\/wp-content\/uploads\/2026\/02\/portfolio-18-1-600x528.jpg 600w, https:\/\/epbilisim.com.tr\/tr\/wp-content\/uploads\/2026\/02\/portfolio-18-1-800x704.jpg 800w, https:\/\/epbilisim.com.tr\/tr\/wp-content\/uploads\/2026\/02\/portfolio-18-1.jpg 1080w\" data-sizes=\"auto\" data-orig-sizes=\"(max-width: 640px) 100vw, 600px\" \/><\/span><\/div><div class=\"fusion-text fusion-text-3\" style=\"--awb-content-alignment:center;--awb-margin-top:10px;\"><p><strong>\u00d6ZEL B\u0130R\u015eEY<\/strong><\/p>\n<p>Marka Olu\u015fumu<br \/>\nE-ticaret<br \/>\n\u00d6deme Sistemleri<br \/>\nEntegrasyon<\/p>\n<\/div><\/div><\/div><div class=\"fusion-layout-column fusion_builder_column fusion-builder-column-4 fusion_builder_column_1_2 1_2 fusion-flex-column\" style=\"--awb-bg-size:cover;--awb-width-large:50%;--awb-margin-top-large:0px;--awb-spacing-right-large:3.84%;--awb-margin-bottom-large:20px;--awb-spacing-left-large:3.84%;--awb-width-medium:50%;--awb-order-medium:0;--awb-spacing-right-medium:3.84%;--awb-spacing-left-medium:3.84%;--awb-width-small:100%;--awb-order-small:0;--awb-spacing-right-small:1.92%;--awb-spacing-left-small:1.92%;\"><div class=\"fusion-column-wrapper fusion-column-has-shadow fusion-flex-justify-content-flex-start fusion-content-layout-column\"><div class=\"fusion-image-element \" style=\"--awb-caption-title-font-family:var(--h2_typography-font-family);--awb-caption-title-font-weight:var(--h2_typography-font-weight);--awb-caption-title-font-style:var(--h2_typography-font-style);--awb-caption-title-size:var(--h2_typography-font-size);--awb-caption-title-transform:var(--h2_typography-text-transform);--awb-caption-title-line-height:var(--h2_typography-line-height);--awb-caption-title-letter-spacing:var(--h2_typography-letter-spacing);\"><span class=\" fusion-imageframe imageframe-none imageframe-3 hover-type-none\"><img decoding=\"async\" width=\"1080\" height=\"951\" title=\"projeler-atli-zincir\" src=\"https:\/\/epbilisim.com.tr\/tr\/wp-content\/uploads\/2026\/02\/projeler-atli-zincir.jpg\" data-orig-src=\"https:\/\/epbilisim.com.tr\/tr\/wp-content\/uploads\/2026\/02\/projeler-atli-zincir.jpg\" alt class=\"lazyload img-responsive wp-image-2390\" srcset=\"data:image\/svg+xml,%3Csvg%20xmlns%3D%27http%3A%2F%2Fwww.w3.org%2F2000%2Fsvg%27%20width%3D%271080%27%20height%3D%27951%27%20viewBox%3D%270%200%201080%20951%27%3E%3Crect%20width%3D%271080%27%20height%3D%27951%27%20fill-opacity%3D%220%22%2F%3E%3C%2Fsvg%3E\" data-srcset=\"https:\/\/epbilisim.com.tr\/tr\/wp-content\/uploads\/2026\/02\/projeler-atli-zincir-200x176.jpg 200w, https:\/\/epbilisim.com.tr\/tr\/wp-content\/uploads\/2026\/02\/projeler-atli-zincir-400x352.jpg 400w, https:\/\/epbilisim.com.tr\/tr\/wp-content\/uploads\/2026\/02\/projeler-atli-zincir-600x528.jpg 600w, https:\/\/epbilisim.com.tr\/tr\/wp-content\/uploads\/2026\/02\/projeler-atli-zincir-800x704.jpg 800w, https:\/\/epbilisim.com.tr\/tr\/wp-content\/uploads\/2026\/02\/projeler-atli-zincir.jpg 1080w\" data-sizes=\"auto\" data-orig-sizes=\"(max-width: 640px) 100vw, 600px\" \/><\/span><\/div><div class=\"fusion-text fusion-text-4\" style=\"--awb-content-alignment:center;--awb-margin-top:10px;\"><p><strong>ATLI Z\u0130NC\u0130R<\/strong><\/p>\n<p>Kurumsal Web Sayfas\u0131<\/p>\n<\/div><\/div><\/div><div class=\"fusion-layout-column fusion_builder_column fusion-builder-column-5 fusion_builder_column_1_2 1_2 fusion-flex-column\" style=\"--awb-bg-size:cover;--awb-width-large:50%;--awb-margin-top-large:0px;--awb-spacing-right-large:3.84%;--awb-margin-bottom-large:20px;--awb-spacing-left-large:3.84%;--awb-width-medium:50%;--awb-order-medium:0;--awb-spacing-right-medium:3.84%;--awb-spacing-left-medium:3.84%;--awb-width-small:100%;--awb-order-small:0;--awb-spacing-right-small:1.92%;--awb-spacing-left-small:1.92%;\"><div class=\"fusion-column-wrapper fusion-column-has-shadow fusion-flex-justify-content-flex-start fusion-content-layout-column\"><div class=\"fusion-image-element \" style=\"--awb-caption-title-font-family:var(--h2_typography-font-family);--awb-caption-title-font-weight:var(--h2_typography-font-weight);--awb-caption-title-font-style:var(--h2_typography-font-style);--awb-caption-title-size:var(--h2_typography-font-size);--awb-caption-title-transform:var(--h2_typography-text-transform);--awb-caption-title-line-height:var(--h2_typography-line-height);--awb-caption-title-letter-spacing:var(--h2_typography-letter-spacing);\"><span class=\" fusion-imageframe imageframe-none imageframe-4 hover-type-none\"><img decoding=\"async\" width=\"1080\" height=\"951\" title=\"portfolio-13 kurumsal -web-sitesi-yonetimi\" src=\"https:\/\/epbilisim.com.tr\/tr\/wp-content\/uploads\/2026\/02\/portfolio-13-kurumsal-web-sitesi-yonetimi.jpg\" data-orig-src=\"https:\/\/epbilisim.com.tr\/tr\/wp-content\/uploads\/2026\/02\/portfolio-13-kurumsal-web-sitesi-yonetimi.jpg\" alt class=\"lazyload img-responsive wp-image-2391\" srcset=\"data:image\/svg+xml,%3Csvg%20xmlns%3D%27http%3A%2F%2Fwww.w3.org%2F2000%2Fsvg%27%20width%3D%271080%27%20height%3D%27951%27%20viewBox%3D%270%200%201080%20951%27%3E%3Crect%20width%3D%271080%27%20height%3D%27951%27%20fill-opacity%3D%220%22%2F%3E%3C%2Fsvg%3E\" data-srcset=\"https:\/\/epbilisim.com.tr\/tr\/wp-content\/uploads\/2026\/02\/portfolio-13-kurumsal-web-sitesi-yonetimi-200x176.jpg 200w, https:\/\/epbilisim.com.tr\/tr\/wp-content\/uploads\/2026\/02\/portfolio-13-kurumsal-web-sitesi-yonetimi-400x352.jpg 400w, https:\/\/epbilisim.com.tr\/tr\/wp-content\/uploads\/2026\/02\/portfolio-13-kurumsal-web-sitesi-yonetimi-600x528.jpg 600w, https:\/\/epbilisim.com.tr\/tr\/wp-content\/uploads\/2026\/02\/portfolio-13-kurumsal-web-sitesi-yonetimi-800x704.jpg 800w, https:\/\/epbilisim.com.tr\/tr\/wp-content\/uploads\/2026\/02\/portfolio-13-kurumsal-web-sitesi-yonetimi.jpg 1080w\" data-sizes=\"auto\" data-orig-sizes=\"(max-width: 640px) 100vw, 600px\" \/><\/span><\/div><div class=\"fusion-text fusion-text-5\" style=\"--awb-content-alignment:center;--awb-margin-top:10px;\"><p><strong>SEFAK\u00d6Y \u015eOF\u00d6RLER ODASI<\/strong><\/p>\n<p>Kurumsal Web Sayfas\u0131<\/p>\n<\/div><\/div><\/div><div class=\"fusion-layout-column fusion_builder_column fusion-builder-column-6 fusion_builder_column_1_2 1_2 fusion-flex-column\" style=\"--awb-bg-size:cover;--awb-width-large:50%;--awb-margin-top-large:0px;--awb-spacing-right-large:3.84%;--awb-margin-bottom-large:20px;--awb-spacing-left-large:3.84%;--awb-width-medium:50%;--awb-order-medium:0;--awb-spacing-right-medium:3.84%;--awb-spacing-left-medium:3.84%;--awb-width-small:100%;--awb-order-small:0;--awb-spacing-right-small:1.92%;--awb-spacing-left-small:1.92%;\"><div class=\"fusion-column-wrapper fusion-column-has-shadow fusion-flex-justify-content-flex-start fusion-content-layout-column\"><div class=\"fusion-image-element \" style=\"--awb-caption-title-font-family:var(--h2_typography-font-family);--awb-caption-title-font-weight:var(--h2_typography-font-weight);--awb-caption-title-font-style:var(--h2_typography-font-style);--awb-caption-title-size:var(--h2_typography-font-size);--awb-caption-title-transform:var(--h2_typography-text-transform);--awb-caption-title-line-height:var(--h2_typography-line-height);--awb-caption-title-letter-spacing:var(--h2_typography-letter-spacing);\"><span class=\" fusion-imageframe imageframe-none imageframe-5 hover-type-none\"><img decoding=\"async\" width=\"1080\" height=\"951\" title=\"kurumsal-web-sitesi-yonetimi\" src=\"https:\/\/epbilisim.com.tr\/tr\/wp-content\/uploads\/2026\/02\/kurumsal-web-sitesi-yonetimi.jpg\" data-orig-src=\"https:\/\/epbilisim.com.tr\/tr\/wp-content\/uploads\/2026\/02\/kurumsal-web-sitesi-yonetimi.jpg\" alt class=\"lazyload img-responsive wp-image-2394\" srcset=\"data:image\/svg+xml,%3Csvg%20xmlns%3D%27http%3A%2F%2Fwww.w3.org%2F2000%2Fsvg%27%20width%3D%271080%27%20height%3D%27951%27%20viewBox%3D%270%200%201080%20951%27%3E%3Crect%20width%3D%271080%27%20height%3D%27951%27%20fill-opacity%3D%220%22%2F%3E%3C%2Fsvg%3E\" data-srcset=\"https:\/\/epbilisim.com.tr\/tr\/wp-content\/uploads\/2026\/02\/kurumsal-web-sitesi-yonetimi-200x176.jpg 200w, https:\/\/epbilisim.com.tr\/tr\/wp-content\/uploads\/2026\/02\/kurumsal-web-sitesi-yonetimi-400x352.jpg 400w, https:\/\/epbilisim.com.tr\/tr\/wp-content\/uploads\/2026\/02\/kurumsal-web-sitesi-yonetimi-600x528.jpg 600w, https:\/\/epbilisim.com.tr\/tr\/wp-content\/uploads\/2026\/02\/kurumsal-web-sitesi-yonetimi-800x704.jpg 800w, https:\/\/epbilisim.com.tr\/tr\/wp-content\/uploads\/2026\/02\/kurumsal-web-sitesi-yonetimi.jpg 1080w\" data-sizes=\"auto\" data-orig-sizes=\"(max-width: 640px) 100vw, 600px\" \/><\/span><\/div><div class=\"fusion-text fusion-text-6\" style=\"--awb-content-alignment:center;--awb-margin-top:10px;\"><p><strong>PARTNERS YAPI<\/strong><\/p>\n<p>Kurumsal Web Sayfas\u0131<\/p>\n<\/div><\/div><\/div><div class=\"fusion-layout-column fusion_builder_column fusion-builder-column-7 fusion_builder_column_1_2 1_2 fusion-flex-column\" style=\"--awb-bg-size:cover;--awb-width-large:50%;--awb-margin-top-large:0px;--awb-spacing-right-large:3.84%;--awb-margin-bottom-large:20px;--awb-spacing-left-large:3.84%;--awb-width-medium:50%;--awb-order-medium:0;--awb-spacing-right-medium:3.84%;--awb-spacing-left-medium:3.84%;--awb-width-small:100%;--awb-order-small:0;--awb-spacing-right-small:1.92%;--awb-spacing-left-small:1.92%;\"><div class=\"fusion-column-wrapper fusion-column-has-shadow fusion-flex-justify-content-flex-start fusion-content-layout-column\"><div class=\"fusion-image-element \" style=\"--awb-caption-title-font-family:var(--h2_typography-font-family);--awb-caption-title-font-weight:var(--h2_typography-font-weight);--awb-caption-title-font-style:var(--h2_typography-font-style);--awb-caption-title-size:var(--h2_typography-font-size);--awb-caption-title-transform:var(--h2_typography-text-transform);--awb-caption-title-line-height:var(--h2_typography-line-height);--awb-caption-title-letter-spacing:var(--h2_typography-letter-spacing);\"><span class=\" fusion-imageframe imageframe-none imageframe-6 hover-type-none\"><img decoding=\"async\" width=\"1080\" height=\"951\" title=\"kurumsal-web-sitesi-yonetimi-2\" src=\"https:\/\/epbilisim.com.tr\/tr\/wp-content\/uploads\/2026\/02\/kurumsal-web-sitesi-yonetimi-2.jpg\" data-orig-src=\"https:\/\/epbilisim.com.tr\/tr\/wp-content\/uploads\/2026\/02\/kurumsal-web-sitesi-yonetimi-2.jpg\" alt class=\"lazyload img-responsive wp-image-2395\" srcset=\"data:image\/svg+xml,%3Csvg%20xmlns%3D%27http%3A%2F%2Fwww.w3.org%2F2000%2Fsvg%27%20width%3D%271080%27%20height%3D%27951%27%20viewBox%3D%270%200%201080%20951%27%3E%3Crect%20width%3D%271080%27%20height%3D%27951%27%20fill-opacity%3D%220%22%2F%3E%3C%2Fsvg%3E\" data-srcset=\"https:\/\/epbilisim.com.tr\/tr\/wp-content\/uploads\/2026\/02\/kurumsal-web-sitesi-yonetimi-2-200x176.jpg 200w, https:\/\/epbilisim.com.tr\/tr\/wp-content\/uploads\/2026\/02\/kurumsal-web-sitesi-yonetimi-2-400x352.jpg 400w, https:\/\/epbilisim.com.tr\/tr\/wp-content\/uploads\/2026\/02\/kurumsal-web-sitesi-yonetimi-2-600x528.jpg 600w, https:\/\/epbilisim.com.tr\/tr\/wp-content\/uploads\/2026\/02\/kurumsal-web-sitesi-yonetimi-2-800x704.jpg 800w, https:\/\/epbilisim.com.tr\/tr\/wp-content\/uploads\/2026\/02\/kurumsal-web-sitesi-yonetimi-2.jpg 1080w\" data-sizes=\"auto\" data-orig-sizes=\"(max-width: 640px) 100vw, 600px\" \/><\/span><\/div><div class=\"fusion-text fusion-text-7\" style=\"--awb-content-alignment:center;--awb-margin-top:10px;\"><p><strong>MOTO KURYE<\/strong><\/p>\n<p>Kurumsal Web Sayfas\u0131<\/p>\n<\/div><\/div><\/div><\/div><\/div><\/p>\n","protected":false},"excerpt":{"rendered":"","protected":false},"author":1,"featured_media":0,"parent":0,"menu_order":0,"comment_status":"closed","ping_status":"closed","template":"100-width.php","meta":{"footnotes":""},"class_list":["post-25","page","type-page","status-publish","hentry"],"_links":{"self":[{"href":"https:\/\/epbilisim.com.tr\/tr\/wp-json\/wp\/v2\/pages\/25","targetHints":{"allow":["GET"]}}],"collection":[{"href":"https:\/\/epbilisim.com.tr\/tr\/wp-json\/wp\/v2\/pages"}],"about":[{"href":"https:\/\/epbilisim.com.tr\/tr\/wp-json\/wp\/v2\/types\/page"}],"author":[{"embeddable":true,"href":"https:\/\/epbilisim.com.tr\/tr\/wp-json\/wp\/v2\/users\/1"}],"replies":[{"embeddable":true,"href":"https:\/\/epbilisim.com.tr\/tr\/wp-json\/wp\/v2\/comments?post=25"}],"version-history":[{"count":8,"href":"https:\/\/epbilisim.com.tr\/tr\/wp-json\/wp\/v2\/pages\/25\/revisions"}],"predecessor-version":[{"id":2403,"href":"https:\/\/epbilisim.com.tr\/tr\/wp-json\/wp\/v2\/pages\/25\/revisions\/2403"}],"wp:attachment":[{"href":"https:\/\/epbilisim.com.tr\/tr\/wp-json\/wp\/v2\/media?parent=25"}],"curies":[{"name":"wp","href":"https:\/\/api.w.org\/{rel}","templated":true}]}}