{"id":2419,"date":"2026-04-07T18:13:19","date_gmt":"2026-04-07T15:13:19","guid":{"rendered":"https:\/\/epbilisim.com.tr\/tr\/?page_id=2419"},"modified":"2026-04-07T18:24:01","modified_gmt":"2026-04-07T15:24:01","slug":"gizlilik-politikasi","status":"publish","type":"page","link":"https:\/\/epbilisim.com.tr\/tr\/gizlilik-politikasi\/","title":{"rendered":"Gizlilik Politikas\u0131"},"content":{"rendered":"<div class=\"fusion-fullwidth fullwidth-box fusion-builder-row-1 fusion-flex-container has-pattern-background has-mask-background nonhundred-percent-fullwidth non-hundred-percent-height-scrolling\" style=\"--awb-border-radius-top-left:0px;--awb-border-radius-top-right:0px;--awb-border-radius-bottom-right:0px;--awb-border-radius-bottom-left:0px;--awb-flex-wrap:wrap;\" ><div class=\"fusion-builder-row fusion-row fusion-flex-align-items-flex-start fusion-flex-content-wrap\" style=\"max-width:1310.4px;margin-left: calc(-4% \/ 2 );margin-right: calc(-4% \/ 2 );\"><div class=\"fusion-layout-column fusion_builder_column fusion-builder-column-0 fusion_builder_column_1_6 1_6 fusion-flex-column\" style=\"--awb-bg-size:cover;--awb-width-large:16.666666666667%;--awb-margin-top-large:0px;--awb-spacing-right-large:11.52%;--awb-margin-bottom-large:20px;--awb-spacing-left-large:11.52%;--awb-width-medium:16.666666666667%;--awb-order-medium:0;--awb-spacing-right-medium:11.52%;--awb-spacing-left-medium:11.52%;--awb-width-small:100%;--awb-order-small:0;--awb-spacing-right-small:1.92%;--awb-spacing-left-small:1.92%;\"><div class=\"fusion-column-wrapper fusion-column-has-shadow fusion-flex-justify-content-flex-start fusion-content-layout-column\"><\/div><\/div><div class=\"fusion-layout-column fusion_builder_column fusion-builder-column-1 fusion_builder_column_2_3 2_3 fusion-flex-column\" style=\"--awb-bg-size:cover;--awb-width-large:66.666666666667%;--awb-margin-top-large:0px;--awb-spacing-right-large:2.88%;--awb-margin-bottom-large:20px;--awb-spacing-left-large:2.88%;--awb-width-medium:66.666666666667%;--awb-order-medium:0;--awb-spacing-right-medium:2.88%;--awb-spacing-left-medium:2.88%;--awb-width-small:100%;--awb-order-small:0;--awb-spacing-right-small:1.92%;--awb-spacing-left-small:1.92%;\"><div class=\"fusion-column-wrapper fusion-column-has-shadow fusion-flex-justify-content-flex-start fusion-content-layout-column\"><div class=\"fusion-text fusion-text-1\"><\/p>\n<p>Bu gizlilik politikas\u0131, www.epbilisim.com.tr internet sitesi kapsam\u0131nda ki\u015fisel verilerinizin nas\u0131l topland\u0131\u011f\u0131, kullan\u0131ld\u0131\u011f\u0131 ve korundu\u011fu hakk\u0131nda sizi bilgilendirmeyi ama\u00e7lamaktad\u0131r. G\u00fcvenli\u011finiz bizim i\u00e7in \u00f6nemli. Bu sebeple, bizimle payla\u015faca\u011f\u0131n\u0131z ki\u015fisel verileriniz hassasiyetle korunmaktad\u0131r.<\/p>\n<h2 class=\"wp-block-heading\">Ki\u015fisel Verilerin \u0130\u015flenmesi, Saklanmas\u0131 ve Silinmesi<\/h2>\n<p>Ki\u015fisel verileriniz, KVKK uyar\u0131nca hukuka ve d\u00fcr\u00fcstl\u00fck kurallar\u0131na uygun olarak, me\u015fru ama\u00e7lar i\u00e7in ve i\u015flendikleri ama\u00e7la s\u0131n\u0131rl\u0131 olmak \u00fczere i\u015flenir; do\u011fru ve g\u00fcncel bir \u015fekilde tutulmas\u0131 i\u00e7in gerekli \u00f6nlemler al\u0131n\u0131r.<\/p>\n<p>\u0130lgili mevzuatta \u00f6ng\u00f6r\u00fclen veya i\u015flendikleri ama\u00e7 i\u00e7in gerekli olan s\u00fcre kadar \u00f6zenle muhafaza edilen ki\u015fisel verileriniz, bu s\u00fcrenin sonunda silinerek yok edilir. Bu s\u00fcre log dosyalar\u0131 i\u00e7in 1 y\u0131ldan az, 2 y\u0131ldan fazla olamaz.<\/p>\n<h2>Veri Sorumlusu<\/h2>\n<p>Ki\u015fisel Verilerin Korunmas\u0131 Kanununa g\u00f6re veri sorumlusu, ki\u015fisel verilerin i\u015flenme amac\u0131n\u0131 ve y\u00f6ntemini belirleyen ki\u015fidir.<\/p>\n<p>Biz, \u015eirket, veri sorumlusu olarak, bu gizlilik ve ki\u015fisel verilerin korunmas\u0131 politikalar\u0131 ile ziyaret etmekte oldu\u011funuz \u0130nternet sitesi kapsam\u0131nda hangi ki\u015fisel verilerinizin hangi ama\u00e7larla i\u015flenece\u011fi, i\u015flenen verilerin kimlerle ve hangi sebeplerle payla\u015f\u0131labilece\u011fi, veri i\u015fleme y\u00f6ntemimiz ve hukuki sebepleri ile; i\u015flenen verilerinize ili\u015fkin haklar\u0131n\u0131z\u0131n neler oldu\u011fu hususunda siz kullan\u0131c\u0131lar\u0131m\u0131z\u0131 ayd\u0131nlatmay\u0131 ama\u00e7l\u0131yoruz.<\/p>\n<ul>\n<li>\n<p><strong>Adres:<\/strong> Yakuplu, 67 sokak no:4\/11 Beylikd\u00fcz\u00fc &#8211;\u00a0 \u0130stanbul, T\u00fcrkiye<\/p>\n<\/li>\n<li>\n<p><strong>E-posta:<\/strong> bilgi@epbilisim.com.tr<\/p>\n<\/li>\n<li>\n<p><strong>Telefon:<\/strong> +0850 307 2590<\/p>\n<\/li>\n<li>\n<p><strong>\u0130rtibat Ki\u015fisi:<\/strong> Erg\u00fcn Ped\u00fck &#8211; ergunp@epbilisim.com.tr<\/p>\n<\/li>\n<\/ul>\n<h2>Toplanan Ki\u015fisel Veriler<\/h2>\n<p>Bu \u0130nternet sitesi taraf\u0131ndan toplanan ki\u015fisel verileriniz:<\/p>\n<ul>\n<li>Browser bilgisi<\/li>\n<li>\n<p>Cihaz bilgileri<\/p>\n<\/li>\n<li>\n<p>IP adresi<\/p>\n<\/li>\n<\/ul>\n<h2>Verilerin \u0130\u015flenme Ama\u00e7lar\u0131<\/h2>\n<p>Ki\u015fisel verileriniz, bu \u0130nternet sitesi taraf\u0131ndan amac\u0131na uygun hizmet sunulabilmesi, yasal y\u00fck\u00fcml\u00fcl\u00fcklerin yerine getirilmesi, hizmet kalitesinin art\u0131r\u0131lmas\u0131, ileti\u015fim, g\u00fcvenlik ve gerekti\u011finde yasal merciler ile bilgi payla\u015f\u0131labilmesi ama\u00e7lar\u0131 ile i\u015flenmektedir. Ki\u015fisel verileriniz, bu say\u0131lan ama\u00e7lar d\u0131\u015f\u0131nda kullan\u0131lmayacakt\u0131r.<\/p>\n<h2>Verilerin Aktar\u0131lmas\u0131<\/h2>\n<p>Bu \u0130nternet sitesi taraf\u0131ndan toplanan ki\u015fisel verileriniz, yasal zorunluluklar haricinde, a\u00e7\u0131k r\u0131zan\u0131z olmadan \u00fc\u00e7\u00fcnc\u00fc ki\u015filer ile payla\u015f\u0131lmaz. Ancak hizmet sa\u011flay\u0131c\u0131lar\u0131m\u0131z, i\u015f ortaklar\u0131m\u0131z ve yasal merciler ile, hizmetin sa\u011flanmas\u0131 ve yasal y\u00fck\u00fcml\u00fcl\u00fcklerin yerine getirilmesi ama\u00e7lar\u0131yla gerekli oldu\u011fu \u00f6l\u00e7\u00fcde payla\u015f\u0131labilir.<\/p>\n<p>Ki\u015fisel verilerin, yurt d\u0131\u015f\u0131na aktar\u0131lmas\u0131 ancak aktar\u0131m\u0131n yap\u0131laca\u011f\u0131 \u00fclke, \u00fclke i\u00e7erisindeki sekt\u00f6rler veya uluslararas\u0131 kurulu\u015flar hakk\u0131nda yeterlilik karar\u0131 bulunmas\u0131 durumunda m\u00fcmk\u00fcnd\u00fcr.<\/p>\n<h2>Veri \u0130\u015flemenin Hukuki Dayana\u011f\u0131<\/h2>\n<p>Ki\u015fisel verileriniz, KVKK madde 5 uyar\u0131nca, ilgilisinin a\u00e7\u0131k r\u0131zas\u0131n\u0131n bulunmas\u0131, hizmet s\u00f6zle\u015fmesinin kurulmas\u0131 ve ifas\u0131 i\u00e7in gerekli olmas\u0131, veri sorumlusunun hukuki y\u00fck\u00fcml\u00fcl\u00fcklerini yerine getirebilmesi ya da me\u015fru menfaatleri i\u00e7in zorunlu olmas\u0131 durumlar\u0131nda; ilgili ki\u015finin temel hak ve \u00f6zg\u00fcrl\u00fcklerine zarar vermemek ko\u015fuluyla i\u015flenmektedir.<\/p>\n<h2>Yasal Haklar\u0131n\u0131z<\/h2>\n<h3>KVKK Kapsam\u0131nda Haklar\u0131n\u0131z<\/h3>\n<p>KVKK madde 11 uyar\u0131nca herkes, veri sorumlusuna ba\u015fvurarak kendisiyle ilgili a\u015fa\u011f\u0131da yer alan taleplerde bulunma hakk\u0131na sahiptir:<\/p>\n<ul>\n<li>\n<p>Ki\u015fisel verilerinin i\u015flenip i\u015flenmedi\u011fini \u00f6\u011frenme.<\/p>\n<\/li>\n<li>\n<p>Ki\u015fisel verileri i\u015flenmi\u015fse buna ili\u015fkin bilgi talep etme.<\/p>\n<\/li>\n<li>\n<p>Ki\u015fisel verilerin i\u015flenme amac\u0131n\u0131 ve bunlar\u0131n amac\u0131na uygun kullan\u0131l\u0131p kullan\u0131lmad\u0131\u011f\u0131n\u0131 \u00f6\u011frenme.<\/p>\n<\/li>\n<li>\n<p>Yurt i\u00e7inde veya yurt d\u0131\u015f\u0131nda ki\u015fisel verilerin aktar\u0131ld\u0131\u011f\u0131 \u00fc\u00e7\u00fcnc\u00fc ki\u015fileri bilme.<\/p>\n<\/li>\n<li>\n<p>Ki\u015fisel verilerin eksik veya yanl\u0131\u015f i\u015flenmi\u015f olmas\u0131 halinde bunlar\u0131n d\u00fczeltilmesini isteme.<\/p>\n<\/li>\n<li>\n<p>KVKK madde 7 ile \u00f6ng\u00f6r\u00fclen \u015fartlar \u00e7er\u00e7evesinde ki\u015fisel verilerin silinmesini veya yok edilmesini isteme.<\/p>\n<\/li>\n<li>\n<p>D\u00fczeltme, silme ve yok edilme talepleri neticesinde yap\u0131lan i\u015flemlerin, ki\u015fisel verilerin aktar\u0131ld\u0131\u011f\u0131 \u00fc\u00e7\u00fcnc\u00fc ki\u015filere bildirilmesini isteme.<\/p>\n<\/li>\n<li>\n<p>\u0130\u015flenen verilerin m\u00fcnhas\u0131ran otomatik sistemler vas\u0131tas\u0131yla analiz edilmesi suretiyle ki\u015finin kendisi aleyhine bir sonucun ortaya \u00e7\u0131kmas\u0131na itiraz etme.<\/p>\n<\/li>\n<li>\n<p>Ki\u015fisel verilerin kanuna ayk\u0131r\u0131 olarak i\u015flenmesi sebebiyle zarara u\u011framas\u0131 halinde zarar\u0131n giderilmesini talep etme.<\/p>\n<\/li>\n<\/ul>\n<p>Yukar\u0131da yer alan yasal haklar do\u011frultusunda ba\u015fvurular\u0131n\u0131z i\u00e7in\u00a0mail@example.com\u00a0adresinden veri sorumlusu ile ileti\u015fime ge\u00e7ebilirsiniz.<\/p>\n<p>Veri sorumlusu olarak ba\u015fvuruda yer alan talepleri, talebin niteli\u011fine g\u00f6re en k\u0131sa s\u00fcrede ve en ge\u00e7 otuz g\u00fcn i\u00e7erisinde, \u00fccretsiz olarak sonu\u00e7land\u0131rma zorunlulu\u011fumuz bulunmaktad\u0131r. Taleplerinizin kar\u015f\u0131lanmamas\u0131 halinde, Ki\u015fisel Verileri Koruma Kurumu&#8217;na \u015fikayette bulunma hakk\u0131n\u0131z sakl\u0131d\u0131r.<\/p>\n<h2>\u00c7erez Kullan\u0131m\u0131<\/h2>\n<p>Bu \u0130nternet sitesi \u00e7erez kullanmaktad\u0131r. \u00c7erezler, bir \u0130nternet sayfas\u0131 ziyaret edildi\u011finde kullan\u0131c\u0131lara ili\u015fkin birtak\u0131m bilgilerin kullan\u0131c\u0131lar\u0131n terminal cihazlar\u0131nda depolanmas\u0131na izin veren d\u00fc\u015f\u00fck boyutlu zengin metin bi\u00e7imli text formatlar\u0131d\u0131r. \u00c7erezler, bir \u0130nternet sitesini ilk ziyaretiniz s\u0131ras\u0131nda taray\u0131c\u0131n\u0131z arac\u0131l\u0131\u011f\u0131yla cihaz\u0131n\u0131za depolanabilir ve ayn\u0131 siteyi ayn\u0131 cihazla tekrar ziyaret etti\u011finizde, taray\u0131c\u0131n\u0131z cihaz\u0131n\u0131zda site ad\u0131na kay\u0131tl\u0131 bir \u00e7erez olup olmad\u0131\u011f\u0131n\u0131 kontrol eder. E\u011fer kay\u0131t var ise, kayd\u0131n i\u00e7indeki veriyi ziyaret etmekte oldu\u011funuz \u0130nternet sitesine iletir. Bu sayede \u0130nternet sitesi, sizin daha \u00f6nceki ziyaretinizi tespit eder ve size iletilecek i\u00e7eri\u011fi ona g\u00f6re belirler.<\/p>\n<h2>Kullan\u0131lan Servisler<\/h2>\n<h3>Altyap\u0131 servisleri<\/h3>\n<ul>\n<li>\n<p><strong>Daha.net<\/strong>: G\u00fcvenli altyap\u0131 ve bulut depolama hizmetleri i\u00e7in kullan\u0131lmaktad\u0131r. Verileriniz daha.net sunucular\u0131nda saklanabilir. SSL ve CDN hizmetleri sa\u011flanmaktad\u0131r.<\/p>\n<\/li>\n<\/ul>\n<h3>Analitik ve izleme<\/h3>\n<ul>\n<li><strong>Google Analytics<\/strong>: Google Analytics, ziyaret\u00e7i davran\u0131\u015flar\u0131n\u0131 ve site kullan\u0131m\u0131n\u0131 analiz etmek i\u00e7in kullan\u0131lmaktad\u0131r. Bu hizmet, ziyaret\u00e7i trafi\u011fi, etkile\u015fimler ve kullan\u0131c\u0131 davran\u0131\u015flar\u0131 hakk\u0131nda detayl\u0131 raporlar sa\u011flar.<\/li>\n<\/ul>\n<h2>Onay ve Y\u00fcr\u00fcrl\u00fck<\/h2>\n<p>\u0130nternet sitemiz ile ki\u015fisel verilerinizi payla\u015fmak, tamamen sizin tercihinizdir. Bu Gizlilik Politikas\u0131,\u00a0<strong>30 Ocak 2026<\/strong>\u00a0tarihinde y\u00fcr\u00fcrl\u00fc\u011fe girmi\u015f olup gerekti\u011finde g\u00fcncellenir. G\u00fcncel halini her zaman bu sayfa \u00fczerinden inceleyebilirsiniz.<\/p>\n<\/div><\/div><\/div><div class=\"fusion-layout-column fusion_builder_column fusion-builder-column-2 fusion_builder_column_1_6 1_6 fusion-flex-column\" style=\"--awb-bg-size:cover;--awb-width-large:16.666666666667%;--awb-margin-top-large:0px;--awb-spacing-right-large:11.52%;--awb-margin-bottom-large:20px;--awb-spacing-left-large:11.52%;--awb-width-medium:16.666666666667%;--awb-order-medium:0;--awb-spacing-right-medium:11.52%;--awb-spacing-left-medium:11.52%;--awb-width-small:100%;--awb-order-small:0;--awb-spacing-right-small:1.92%;--awb-spacing-left-small:1.92%;\"><div class=\"fusion-column-wrapper fusion-column-has-shadow fusion-flex-justify-content-flex-start fusion-content-layout-column\"><\/div><\/div><\/div><\/div>","protected":false},"excerpt":{"rendered":"","protected":false},"author":1,"featured_media":0,"parent":0,"menu_order":0,"comment_status":"closed","ping_status":"closed","template":"","meta":{"footnotes":""},"class_list":["post-2419","page","type-page","status-publish","hentry"],"_links":{"self":[{"href":"https:\/\/epbilisim.com.tr\/tr\/wp-json\/wp\/v2\/pages\/2419","targetHints":{"allow":["GET"]}}],"collection":[{"href":"https:\/\/epbilisim.com.tr\/tr\/wp-json\/wp\/v2\/pages"}],"about":[{"href":"https:\/\/epbilisim.com.tr\/tr\/wp-json\/wp\/v2\/types\/page"}],"author":[{"embeddable":true,"href":"https:\/\/epbilisim.com.tr\/tr\/wp-json\/wp\/v2\/users\/1"}],"replies":[{"embeddable":true,"href":"https:\/\/epbilisim.com.tr\/tr\/wp-json\/wp\/v2\/comments?post=2419"}],"version-history":[{"count":3,"href":"https:\/\/epbilisim.com.tr\/tr\/wp-json\/wp\/v2\/pages\/2419\/revisions"}],"predecessor-version":[{"id":2423,"href":"https:\/\/epbilisim.com.tr\/tr\/wp-json\/wp\/v2\/pages\/2419\/revisions\/2423"}],"wp:attachment":[{"href":"https:\/\/epbilisim.com.tr\/tr\/wp-json\/wp\/v2\/media?parent=2419"}],"curies":[{"name":"wp","href":"https:\/\/api.w.org\/{rel}","templated":true}]}}