{"id":2041,"date":"2026-02-07T15:35:27","date_gmt":"2026-02-07T12:35:27","guid":{"rendered":"https:\/\/epbilisim.com.tr\/tr\/?page_id=2041"},"modified":"2026-03-24T16:23:55","modified_gmt":"2026-03-24T13:23:55","slug":"paketler","status":"publish","type":"page","link":"https:\/\/epbilisim.com.tr\/tr\/paketler\/","title":{"rendered":"Paketler"},"content":{"rendered":"<p><div class=\"fusion-fullwidth fullwidth-box fusion-builder-row-1 fusion-flex-container has-pattern-background has-mask-background nonhundred-percent-fullwidth non-hundred-percent-height-scrolling\" style=\"--awb-border-radius-top-left:0px;--awb-border-radius-top-right:0px;--awb-border-radius-bottom-right:0px;--awb-border-radius-bottom-left:0px;--awb-flex-wrap:wrap;\" ><div class=\"fusion-builder-row fusion-row fusion-flex-align-items-flex-start fusion-flex-content-wrap\" style=\"max-width:1310.4px;margin-left: calc(-4% \/ 2 );margin-right: calc(-4% \/ 2 );\"><div class=\"fusion-layout-column fusion_builder_column fusion-builder-column-0 fusion_builder_column_1_1 1_1 fusion-flex-column\" style=\"--awb-bg-size:cover;--awb-width-large:100%;--awb-margin-top-large:0px;--awb-spacing-right-large:1.92%;--awb-margin-bottom-large:20px;--awb-spacing-left-large:1.92%;--awb-width-medium:100%;--awb-order-medium:0;--awb-spacing-right-medium:1.92%;--awb-spacing-left-medium:1.92%;--awb-width-small:100%;--awb-order-small:0;--awb-spacing-right-small:1.92%;--awb-spacing-left-small:1.92%;\"><div class=\"fusion-column-wrapper fusion-column-has-shadow fusion-flex-justify-content-flex-start fusion-content-layout-column\"><div class=\"fusion-title title fusion-title-1 fusion-sep-none fusion-title-text fusion-title-size-one\" style=\"--awb-margin-top-small:10px;--awb-margin-right-small:0px;--awb-margin-bottom-small:10px;--awb-margin-left-small:0px;\"><h1 class=\"fusion-title-heading title-heading-left\" style=\"margin:0;\">Paketlerimiz<\/h1><\/div><div class=\"fusion-text fusion-text-1\"><p>EP Bili\u015fim olarak, <strong data-start=\"907\" data-end=\"924\">\u0130KAS Partneri<\/strong> g\u00fcvencesiyle sundu\u011fumuz e-ticaret ve dijital altyap\u0131 hizmetlerini, <strong data-start=\"996\" data-end=\"1061\">sade, anla\u015f\u0131l\u0131r ve ihtiyaca g\u00f6re \u015fekillendirilebilir paketler<\/strong> halinde sunuyoruz.<\/p>\n<\/div><div class=\"fusion-text fusion-text-2\"><p><em>A\u015fa\u011f\u0131da yer alan paketler ve fiyatlar, ba\u015flang\u0131\u00e7 seviyesini temsil eder. Proje kapsam\u0131na g\u00f6re birlikte netle\u015ftirilir.<\/em><\/p>\n<\/div><\/div><\/div><\/div><\/div><div class=\"fusion-fullwidth fullwidth-box fusion-builder-row-2 fusion-flex-container has-pattern-background has-mask-background nonhundred-percent-fullwidth non-hundred-percent-height-scrolling\" style=\"--awb-border-radius-top-left:0px;--awb-border-radius-top-right:0px;--awb-border-radius-bottom-right:0px;--awb-border-radius-bottom-left:0px;--awb-flex-wrap:wrap;\" ><div class=\"fusion-builder-row fusion-row fusion-flex-align-items-flex-start fusion-flex-content-wrap\" style=\"max-width:1310.4px;margin-left: calc(-4% \/ 2 );margin-right: calc(-4% \/ 2 );\"><div class=\"fusion-layout-column fusion_builder_column fusion-builder-column-1 fusion_builder_column_1_1 1_1 fusion-flex-column\" style=\"--awb-bg-size:cover;--awb-width-large:100%;--awb-margin-top-large:0px;--awb-spacing-right-large:1.92%;--awb-margin-bottom-large:20px;--awb-spacing-left-large:1.92%;--awb-width-medium:100%;--awb-order-medium:0;--awb-spacing-right-medium:1.92%;--awb-spacing-left-medium:1.92%;--awb-width-small:100%;--awb-order-small:0;--awb-spacing-right-small:1.92%;--awb-spacing-left-small:1.92%;\"><div class=\"fusion-column-wrapper fusion-column-has-shadow fusion-flex-justify-content-flex-start fusion-content-layout-column\"><style type='text\/css'>\n\t\t\t\t.pricing-table-1.fusion-pricing-table .panel-container, .pricing-table-1.fusion-pricing-table .standout .panel-container,\n\t\t\t\t.pricing-table-1.full-boxed-pricing.fusion-pricing-table {background-color:var(--awb-color2);}\n\t\t\t\t.pricing-table-1.fusion-pricing-table .list-group .list-group-item,\n\t\t\t\t.pricing-table-1.fusion-pricing-table .list-group .list-group-item:last-child{background-color:var(--awb-color1); border-color:var(--awb-color3);}\n\t\t\t\t.pricing-table-1.full-boxed-pricing.fusion-pricing-table .panel-wrapper:hover .panel-heading,\n\t\t\t\t.pricing-table-1.fusion-pricing-table .panel-wrapper:hover .list-group-item {background-color:var(--awb-color2);}\n\t\t\t\t.pricing-table-1.full-boxed-pricing.fusion-pricing-table .panel-heading{background-color:var(--awb-color1);}\n\t\t\t\t.pricing-table-1.fusion-pricing-table .fusion-panel, .pricing-table-1 .panel-wrapper:last-child .fusion-panel,\n\t\t\t\t.pricing-table-1.fusion-pricing-table .standout .fusion-panel, .pricing-table-1.fusion-pricing-table  .panel-heading,\n\t\t\t\t.pricing-table-1.fusion-pricing-table .panel-body, .pricing-table-1.fusion-pricing-table .panel-footer{border-color:var(--awb-color3);}\n\t\t\t\t.pricing-table-1.fusion-pricing-table .panel-body, .pricing-table-1.fusion-pricing-table .panel-footer{background-color:var(--awb-color2);}\n\t\t\t\t.pricing-table-1.sep-boxed-pricing.fusion-pricing-table .panel-heading h3{color:var(--awb-color8);}\n\t\t\t\t.pricing-table-1.full-boxed-pricing.fusion-pricing-table .panel-heading h3{color:var(--awb-color8);}\n\t\t\t\t.pricing-table-1.fusion-pricing-table .panel-body .price .decimal-part{color:var(--awb-color4);}\n\t\t\t\t.pricing-table-1.fusion-pricing-table .panel-body .price .integer-part{color:var(--awb-color4);}\n\t\t\t\t.pricing-table-1.fusion-pricing-table ul.list-group li{color:var(--awb-color8);}\n\t\t\t\t<\/style><div class=\"fusion-pricing-table pricing-table-1 full-boxed-pricing row fusion-columns-3 columns-3 fusion-clearfix\"><div class=\"panel-wrapper fusion-column column col-lg-4 col-md-4 col-sm-4 fusion-pricingtable-column\"><div class=\"panel-container\"><div class=\"fusion-panel\"><div class=\"panel-heading\"><h3 class=\"title-row\">\ud83d\udfe2 Ba\u015flang\u0131\u00e7 Paketi-Dijitale ilk ad\u0131m<\/h3><\/div><div class=\"panel-body pricing-row\"><div class=\"price \"><span class=\"integer-part\">19bin<\/span><span class=\"currency pos-right price-without-decimal\">TL<\/span><span class=\"time pos-right price-without-decimal\"> den ba\u015flayan y\u0131ll\u0131k fiyatlar<\/span><\/div><\/div><ul class=\"list-group\"><li class=\"list-group-item normal-row\">Kurulum, Tasar\u0131m, SEO<\/li><li class=\"list-group-item normal-row\">500 \u00dcr\u00fcn Y\u00fckleme<\/li><li class=\"list-group-item normal-row\">Sanal pazar sto\u011fu yok<\/li><li class=\"list-group-item normal-row\">\u00dcr\u00fcn yorumu yok<\/li><li class=\"list-group-item normal-row\">Asorti sat\u0131\u015f yok<\/li><li class=\"list-group-item normal-row\">Bundle (paket sat\u0131\u015f) yok<\/li><li class=\"list-group-item normal-row\">\u00d6zelle\u015ftirilmi\u015f arama sonu\u00e7lar\u0131 yok<\/li><li class=\"list-group-item normal-row\">Konfig\u00fcrat\u00f6r \/ \u00dcr\u00fcn Tak\u0131m\u0131 yok<\/li><li class=\"list-group-item normal-row\">B2B \/ Bayi sat\u0131\u015f yok<\/li><li class=\"list-group-item normal-row\">\u00c7oklu stok lokasyonu yok<\/li><li class=\"list-group-item normal-row\">Havale ile \u00f6deme yok<\/li><li class=\"list-group-item normal-row\">Kap\u0131da \u00f6deme yok<\/li><li class=\"list-group-item normal-row\">Sat\u0131\u015f sonras\u0131 yorum yok<\/li><li class=\"list-group-item normal-row\">Cross-sell \u00c7apraz sat\u0131\u015f yok<\/li><li class=\"list-group-item normal-row\">Up\u2013sell yukar\u0131 sat\u0131\u015f yok<\/li><li class=\"list-group-item normal-row\">Depodan teslimat yok<\/li><li class=\"list-group-item normal-row\">Otomatik sepet kampanyalar\u0131 var<\/li><li class=\"list-group-item normal-row\">Terkedilmi\u015f sipari\u015f epostas\u0131 var<\/li><li class=\"list-group-item normal-row\">Terkedilmi\u015f sipari\u015f sms yok<\/li><li class=\"list-group-item normal-row\">Terkedilmi\u015f sipari\u015f whatsapp yok<\/li><li class=\"list-group-item normal-row\">\u0130ndirim Kodlar\u0131 var<\/li><li class=\"list-group-item normal-row\">Geli\u015fmi\u015f raporlama yok<\/li><li class=\"list-group-item normal-row\">1 Kullan\u0131c\u0131<\/li><li class=\"list-group-item normal-row\">Fiziksel ma\u011faza yok<\/li><li class=\"list-group-item normal-row\">Yabanc\u0131 dil yok<\/li><li class=\"list-group-item normal-row\">E-ihracat yok<\/li><li class=\"list-group-item normal-row\">Sanal pazar entegrasyonu var<\/li><li class=\"list-group-item normal-row\">\u00dccretli harici entegrasyon yok<\/li><\/ul><\/div><\/div><\/div><div class=\"panel-wrapper fusion-column column col-lg-4 col-md-4 col-sm-4 standout fusion-pricingtable-column\"><div class=\"panel-container\"><div class=\"fusion-panel\"><div class=\"panel-heading\"><h3 class=\"title-row\">\ud83d\udd35 Standart Paket \u2b50 En \u00c7ok Tercih Edilen Sat\u0131\u015fa haz\u0131r yap\u0131<\/h3><\/div><div class=\"panel-body pricing-row\"><div class=\"price \"><span class=\"integer-part\">64bin<\/span><span class=\"currency pos-right price-without-decimal\">TL<\/span><span class=\"time pos-right price-without-decimal\">den ba\u015flayan y\u0131ll\u0131k fiyatlar<\/span><\/div><\/div><ul class=\"list-group\"><li class=\"list-group-item normal-row\">Kurulum, Tasar\u0131m, SEO<\/li><li class=\"list-group-item normal-row\">S\u0131n\u0131rs\u0131z \u00dcr\u00fcn Y\u00fckleme<\/li><li class=\"list-group-item normal-row\">Sanal pazar sto\u011fu var<\/li><li class=\"list-group-item normal-row\">\u00dcr\u00fcn yorumu var<\/li><li class=\"list-group-item normal-row\">Asorti sat\u0131\u015f var<\/li><li class=\"list-group-item normal-row\">Bundle (paket sat\u0131\u015f) var<\/li><li class=\"list-group-item normal-row\">\u00d6zelle\u015ftirilmi\u015f arama sonu\u00e7lar\u0131 yok<\/li><li class=\"list-group-item normal-row\">Konfig\u00fcrat\u00f6r \/ \u00dcr\u00fcn Tak\u0131m\u0131 yok<\/li><li class=\"list-group-item normal-row\">B2B \/ Bayi sat\u0131\u015f yok<\/li><li class=\"list-group-item normal-row\">\u00c7oklu stok lokasyonu var<\/li><li class=\"list-group-item normal-row\">Havale ile \u00f6deme var<\/li><li class=\"list-group-item normal-row\">Kap\u0131da \u00f6deme var<\/li><li class=\"list-group-item normal-row\">Sat\u0131\u015f sonras\u0131 yorum var<\/li><li class=\"list-group-item normal-row\">Cross-sell \u00c7apraz sat\u0131\u015f var<\/li><li class=\"list-group-item normal-row\">Up\u2013sell yukar\u0131 sat\u0131\u015f var<\/li><li class=\"list-group-item normal-row\">Depodan teslimat yok<\/li><li class=\"list-group-item normal-row\">Otomatik sepet kampanyalar\u0131 var<\/li><li class=\"list-group-item normal-row\">Terkedilmi\u015f sipari\u015f epostas\u0131 var<\/li><li class=\"list-group-item normal-row\">Terkedilmi\u015f sipari\u015f sms var<\/li><li class=\"list-group-item normal-row\">Terkedilmi\u015f sipari\u015f whatsapp yok<\/li><li class=\"list-group-item normal-row\">\u0130ndirim Kodlar\u0131 var<\/li><li class=\"list-group-item normal-row\">Geli\u015fmi\u015f raporlama var<\/li><li class=\"list-group-item normal-row\">10 kullan\u0131c\u0131<\/li><li class=\"list-group-item normal-row\">Fiziksel ma\u011faza var<\/li><li class=\"list-group-item normal-row\">Yabanc\u0131 dil var<\/li><li class=\"list-group-item normal-row\">E-ihracat var<\/li><li class=\"list-group-item normal-row\">Sanal pazar entegrasyonu var<\/li><li class=\"list-group-item normal-row\">\u00dccretli harici entegrasyon var<\/li><\/ul><\/div><\/div><\/div><div class=\"panel-wrapper fusion-column column col-lg-4 col-md-4 col-sm-4 fusion-pricingtable-column\"><div class=\"panel-container\"><div class=\"fusion-panel\"><div class=\"panel-heading\"><h3 class=\"title-row\">\ud83d\udfe3 Geli\u015fmi\u015f Paket-B\u00fcy\u00fcmeye uygun sistem<\/h3><\/div><div class=\"panel-body pricing-row\"><div class=\"price \"><span class=\"integer-part\">125bin<\/span><span class=\"currency pos-right price-without-decimal\">TL<\/span><span class=\"time pos-right price-without-decimal\">den ba\u015flayan y\u0131ll\u0131k fiyatlar<\/span><\/div><\/div><ul class=\"list-group\"><li class=\"list-group-item normal-row\">Kurulum, Tasar\u0131m, SEO<\/li><li class=\"list-group-item normal-row\">S\u0131n\u0131rs\u0131z \u00dcr\u00fcn Y\u00fckleme<\/li><li class=\"list-group-item normal-row\">Sanal pazar sto\u011fu var<\/li><li class=\"list-group-item normal-row\">\u00dcr\u00fcn yorumu var<\/li><li class=\"list-group-item normal-row\">Asorti sat\u0131\u015f var<\/li><li class=\"list-group-item normal-row\">Bundle (paket sat\u0131\u015f) var<\/li><li class=\"list-group-item normal-row\">\u00d6zelle\u015ftirilmi\u015f arama sonu\u00e7lar\u0131 var<\/li><li class=\"list-group-item normal-row\">Konfig\u00fcrat\u00f6r \/ \u00dcr\u00fcn Tak\u0131m\u0131 var<\/li><li class=\"list-group-item normal-row\">B2B \/ Bayi sat\u0131\u015f var<\/li><li class=\"list-group-item normal-row\">\u00c7oklu stok lokasyonu var<\/li><li class=\"list-group-item normal-row\">Havale ile \u00f6deme var<\/li><li class=\"list-group-item normal-row\">Kap\u0131da \u00f6deme var<\/li><li class=\"list-group-item normal-row\">Sat\u0131\u015f sonras\u0131 yorum var<\/li><li class=\"list-group-item normal-row\">Cross-sell \u00c7apraz sat\u0131\u015f var<\/li><li class=\"list-group-item normal-row\">Up\u2013sell yukar\u0131 sat\u0131\u015f var<\/li><li class=\"list-group-item normal-row\">Depodan teslimat var<\/li><li class=\"list-group-item normal-row\">Otomatik sepet kampanyalar\u0131 var<\/li><li class=\"list-group-item normal-row\">Terkedilmi\u015f sipari\u015f epostas\u0131 var<\/li><li class=\"list-group-item normal-row\">Terkedilmi\u015f sipari\u015f sms var<\/li><li class=\"list-group-item normal-row\">Terkedilmi\u015f sipari\u015f whatsapp var<\/li><li class=\"list-group-item normal-row\">\u0130ndirim Kodlar\u0131 var<\/li><li class=\"list-group-item normal-row\">Geli\u015fmi\u015f raporlama var<\/li><li class=\"list-group-item normal-row\">15 kullan\u0131c\u0131<\/li><li class=\"list-group-item normal-row\">Fiziksel ma\u011faza var<\/li><li class=\"list-group-item normal-row\">Yabanc\u0131 dil var<\/li><li class=\"list-group-item normal-row\">E-ihracat var<\/li><li class=\"list-group-item normal-row\">Sanal pazar entegrasyonu var<\/li><li class=\"list-group-item normal-row\">\u00dccretli harici entegrasyon var<\/li><\/ul><\/div><\/div><\/div><\/div><\/div><\/div><\/div><\/div><div class=\"fusion-fullwidth fullwidth-box fusion-builder-row-3 fusion-flex-container has-pattern-background has-mask-background nonhundred-percent-fullwidth non-hundred-percent-height-scrolling\" style=\"--awb-border-radius-top-left:0px;--awb-border-radius-top-right:0px;--awb-border-radius-bottom-right:0px;--awb-border-radius-bottom-left:0px;--awb-background-color:var(--awb-color2);--awb-flex-wrap:nowrap;\" ><div class=\"fusion-builder-row fusion-row fusion-flex-align-items-flex-start fusion-flex-content-wrap\" style=\"max-width:1310.4px;margin-left: calc(-4% \/ 2 );margin-right: calc(-4% \/ 2 );\"><div class=\"fusion-layout-column fusion_builder_column fusion-builder-column-2 fusion_builder_column_1_5 1_5 fusion-flex-column\" style=\"--awb-bg-size:cover;--awb-width-large:20%;--awb-margin-top-large:0px;--awb-spacing-right-large:9.6%;--awb-margin-bottom-large:20px;--awb-spacing-left-large:9.6%;--awb-width-medium:20%;--awb-order-medium:0;--awb-spacing-right-medium:9.6%;--awb-spacing-left-medium:9.6%;--awb-width-small:100%;--awb-order-small:0;--awb-spacing-right-small:1.92%;--awb-spacing-left-small:1.92%;\"><div class=\"fusion-column-wrapper fusion-column-has-shadow fusion-flex-justify-content-flex-start fusion-content-layout-column\"><\/div><\/div><div class=\"fusion-layout-column fusion_builder_column fusion-builder-column-3 fusion_builder_column_3_5 3_5 fusion-flex-column\" style=\"--awb-bg-size:cover;--awb-width-large:60%;--awb-margin-top-large:0px;--awb-spacing-right-large:3.2%;--awb-margin-bottom-large:20px;--awb-spacing-left-large:3.2%;--awb-width-medium:60%;--awb-order-medium:0;--awb-spacing-right-medium:3.2%;--awb-spacing-left-medium:3.2%;--awb-width-small:100%;--awb-order-small:0;--awb-spacing-right-small:1.92%;--awb-spacing-left-small:1.92%;\"><div class=\"fusion-column-wrapper fusion-column-has-shadow fusion-flex-justify-content-flex-start fusion-content-layout-column\"><div class=\"fusion-title title fusion-title-2 fusion-sep-none fusion-title-center fusion-title-text fusion-title-size-three\" style=\"--awb-margin-top-small:10px;--awb-margin-right-small:0px;--awb-margin-bottom-small:10px;--awb-margin-left-small:0px;\"><h3 class=\"fusion-title-heading title-heading-center\" style=\"margin:0;\">Karars\u0131z m\u0131s\u0131n\u0131z?<\/h3><\/div><div class=\"fusion-text fusion-text-3\" style=\"--awb-content-alignment:center;\"><p>Her i\u015fletmenin ihtiyac\u0131 ve b\u00fct\u00e7esi farkl\u0131d\u0131r. Bu nedenle paketlerimizi <strong data-start=\"425\" data-end=\"434\">esnek<\/strong> tutar, projenizi dinleyerek sizin i\u00e7in en do\u011fru \u00e7\u00f6z\u00fcm\u00fc birlikte belirleriz.<\/p>\n<\/div><div class=\"fusion-text fusion-text-4\" style=\"--awb-content-alignment:center;\"><p><em>Paket se\u00e7mek zorunda de\u011filsiniz. \u0130htiyac\u0131n\u0131z\u0131 anlatman\u0131z yeterli.<\/em><\/p>\n<\/div><div style=\"text-align:center;\"><a class=\"fusion-button button-flat fusion-button-default-size button-default fusion-button-default button-1 fusion-button-default-span fusion-button-default-type\" target=\"_self\" href=\"https:\/\/epbilisim.com.tr\/tr\/contact\/\"><span class=\"fusion-button-text awb-button__text awb-button__text--default\">Bize ula\u015f\u0131n<\/span><\/a><\/div><\/div><\/div><div class=\"fusion-layout-column fusion_builder_column fusion-builder-column-4 fusion_builder_column_1_5 1_5 fusion-flex-column\" style=\"--awb-bg-size:cover;--awb-width-large:20%;--awb-margin-top-large:0px;--awb-spacing-right-large:9.6%;--awb-margin-bottom-large:20px;--awb-spacing-left-large:9.6%;--awb-width-medium:20%;--awb-order-medium:0;--awb-spacing-right-medium:9.6%;--awb-spacing-left-medium:9.6%;--awb-width-small:100%;--awb-order-small:0;--awb-spacing-right-small:1.92%;--awb-spacing-left-small:1.92%;\"><div class=\"fusion-column-wrapper fusion-column-has-shadow fusion-flex-justify-content-flex-start fusion-content-layout-column\"><\/div><\/div><\/div><\/div><\/p>\n","protected":false},"excerpt":{"rendered":"","protected":false},"author":1,"featured_media":0,"parent":0,"menu_order":0,"comment_status":"closed","ping_status":"closed","template":"","meta":{"footnotes":""},"class_list":["post-2041","page","type-page","status-publish","hentry"],"_links":{"self":[{"href":"https:\/\/epbilisim.com.tr\/tr\/wp-json\/wp\/v2\/pages\/2041","targetHints":{"allow":["GET"]}}],"collection":[{"href":"https:\/\/epbilisim.com.tr\/tr\/wp-json\/wp\/v2\/pages"}],"about":[{"href":"https:\/\/epbilisim.com.tr\/tr\/wp-json\/wp\/v2\/types\/page"}],"author":[{"embeddable":true,"href":"https:\/\/epbilisim.com.tr\/tr\/wp-json\/wp\/v2\/users\/1"}],"replies":[{"embeddable":true,"href":"https:\/\/epbilisim.com.tr\/tr\/wp-json\/wp\/v2\/comments?post=2041"}],"version-history":[{"count":11,"href":"https:\/\/epbilisim.com.tr\/tr\/wp-json\/wp\/v2\/pages\/2041\/revisions"}],"predecessor-version":[{"id":2413,"href":"https:\/\/epbilisim.com.tr\/tr\/wp-json\/wp\/v2\/pages\/2041\/revisions\/2413"}],"wp:attachment":[{"href":"https:\/\/epbilisim.com.tr\/tr\/wp-json\/wp\/v2\/media?parent=2041"}],"curies":[{"name":"wp","href":"https:\/\/api.w.org\/{rel}","templated":true}]}}